{"id":72,"date":"2014-07-15T12:39:06","date_gmt":"2014-07-15T10:39:06","guid":{"rendered":"http:\/\/lernkreis-weinheim.de\/?page_id=72"},"modified":"2015-12-09T17:02:39","modified_gmt":"2015-12-09T15:02:39","slug":"abiturvorbereitung","status":"publish","type":"page","link":"https:\/\/lernkreis-weinheim.de\/index.php\/abiturvorbereitung\/","title":{"rendered":"Abiturvorbereitung"},"content":{"rendered":"<p><a title=\"Abiturvorbereitung\" href=\"https:\/\/lernkreis-weinheim.de\/index.php\/abiturvorbereitung\/\"><img loading=\"lazy\" class=\"alignnone wp-image-8 size-large\" src=\"https:\/\/lernkreis-weinheim.de\/wp-content\/uploads\/2014\/07\/shutterstock_59561617-1024x365.jpg\" alt=\"shutterstock_59561617\" width=\"700\" height=\"249\" srcset=\"https:\/\/lernkreis-weinheim.de\/wp-content\/uploads\/2014\/07\/shutterstock_59561617-1024x365.jpg 1024w, https:\/\/lernkreis-weinheim.de\/wp-content\/uploads\/2014\/07\/shutterstock_59561617-300x107.jpg 300w, https:\/\/lernkreis-weinheim.de\/wp-content\/uploads\/2014\/07\/shutterstock_59561617.jpg 1400w\" sizes=\"(max-width: 700px) 100vw, 700px\" \/><\/a><\/p>\n<p><strong><span style=\"color: #0000ff;\">Vorbereitung der Themen des Zentralabiturs und Klausurenkurs<\/span><\/strong><\/p>\n<p>Die Abiturpr\u00fcfungen sind die wohl wichtigsten Klausuren zum Ende der schulischen Laufbahn. Das Ergebnis der Pr\u00fcfungen entscheidet nicht nur, ob man den Schulabschluss besteht oder nicht, sondern ist richtungsweisend f\u00fcr die weitere berufliche Laufbahn. Um bestm\u00f6glich auf die Pr\u00fcfungen vorbereitet zu sein, bieten wir den Sch\u00fclern eine individuell gestaltete Betreuung w\u00e4hrend der Vorbereitungszeit an, bei der nicht nur gelerntes wiederholt wird, sondern auch Zeit f\u00fcr Fragen ist.<\/p>\n<p>Durch das regelm\u00e4\u00dfige Lernen festigt sich das Wissen, welches in m\u00fcndlichen wie auch schriftlichen Pr\u00fcfungen gefordert wird. Vereinbaren Sie ein kostenloses Beratungsgespr\u00e4ch, so dass der Unterricht individuell nach Ihren Bed\u00fcrfnissen geplant werden kann. Gerne unterst\u00fctzen wir Sie in Ihren Leistungskursen oder bereiten Sie auf anstehende m\u00fcndliche Pr\u00fcfungen vor. Nehmen Sie online Kontakt mit uns auf!<\/p>\n<p><strong style=\"line-height: 1.3em;\">Wichtige Lehrinhalte sind u.a.:<\/strong><\/p>\n<p><img src=\"http:\/\/hd-sf.de\/hd\/images\/ok.png\" alt=\"\" \/>\u00a0freundliche Lernatmosph\u00e4re<\/p>\n<p><img src=\"http:\/\/hd-sf.de\/hd\/images\/ok.png\" alt=\"\" \/>\u00a0erfahrenes Lehrpersonal<\/p>\n<p><img src=\"http:\/\/hd-sf.de\/hd\/images\/ok.png\" alt=\"\" \/>\u00a0Erstellen eines Vorbereitungsplans<\/p>\n<p><img src=\"http:\/\/hd-sf.de\/hd\/images\/ok.png\" alt=\"\" \/>\u00a0Wiederholen des Lernstoffs<\/p>\n<p><img src=\"http:\/\/hd-sf.de\/hd\/images\/ok.png\" alt=\"\" \/>\u00a0Vermittlung von Lerntechniken und Konzentrations\u00fcbungen<\/p>\n<p><img src=\"http:\/\/hd-sf.de\/hd\/images\/ok.png\" alt=\"\" \/>\u00a0Individueller Lehrplan<\/p>\n<p><img src=\"http:\/\/hd-sf.de\/hd\/images\/ok.png\" alt=\"\" \/>\u00a0gezielte fachspezifische Vorbereitung<\/p>\n<p><img src=\"http:\/\/hd-sf.de\/hd\/images\/ok.png\" alt=\"\" \/>\u00a0simulierte Pr\u00fcfungssituationen<\/p>\n<p><img src=\"http:\/\/hd-sf.de\/hd\/images\/ok.png\" alt=\"\" \/>\u00a0Einstieg jederzeit m\u00f6glich<\/p>\n","protected":false},"excerpt":{"rendered":"<p>Vorbereitung der Themen des Zentralabiturs und Klausurenkurs Die Abiturpr\u00fcfungen sind die wohl wichtigsten Klausuren zum Ende der schulischen Laufbahn. Das Ergebnis der Pr\u00fcfungen entscheidet nicht nur, ob man den Schulabschluss besteht oder nicht, sondern ist richtungsweisend f\u00fcr die weitere berufliche<\/p>\n","protected":false},"author":1,"featured_media":61,"parent":0,"menu_order":0,"comment_status":"closed","ping_status":"closed","template":"","meta":{"ngg_post_thumbnail":0},"_links":{"self":[{"href":"https:\/\/lernkreis-weinheim.de\/index.php\/wp-json\/wp\/v2\/pages\/72"}],"collection":[{"href":"https:\/\/lernkreis-weinheim.de\/index.php\/wp-json\/wp\/v2\/pages"}],"about":[{"href":"https:\/\/lernkreis-weinheim.de\/index.php\/wp-json\/wp\/v2\/types\/page"}],"author":[{"embeddable":true,"href":"https:\/\/lernkreis-weinheim.de\/index.php\/wp-json\/wp\/v2\/users\/1"}],"replies":[{"embeddable":true,"href":"https:\/\/lernkreis-weinheim.de\/index.php\/wp-json\/wp\/v2\/comments?post=72"}],"version-history":[{"count":6,"href":"https:\/\/lernkreis-weinheim.de\/index.php\/wp-json\/wp\/v2\/pages\/72\/revisions"}],"predecessor-version":[{"id":256,"href":"https:\/\/lernkreis-weinheim.de\/index.php\/wp-json\/wp\/v2\/pages\/72\/revisions\/256"}],"wp:featuredmedia":[{"embeddable":true,"href":"https:\/\/lernkreis-weinheim.de\/index.php\/wp-json\/wp\/v2\/media\/61"}],"wp:attachment":[{"href":"https:\/\/lernkreis-weinheim.de\/index.php\/wp-json\/wp\/v2\/media?parent=72"}],"curies":[{"name":"wp","href":"https:\/\/api.w.org\/{rel}","templated":true}]}}