{"id":46,"date":"2014-07-13T17:21:17","date_gmt":"2014-07-13T15:21:17","guid":{"rendered":"http:\/\/lernkreis-weinheim.de\/?page_id=46"},"modified":"2015-12-09T17:22:57","modified_gmt":"2015-12-09T15:22:57","slug":"wettbewerbe","status":"publish","type":"page","link":"https:\/\/lernkreis-weinheim.de\/index.php\/wettbewerbe\/","title":{"rendered":"Wettbewerbe"},"content":{"rendered":"<p><a href=\"http:\/\/www.pangea-wettbewerb.de\/\" target=\"_blank\"><strong><span style=\"text-decoration: underline; color: #0000ff;\">PANGEA-Mathematik-Wettbewerb<\/span><\/strong><\/a><\/p>\n<p><a title=\"Pangea\" href=\"http:\/\/pangea-wettbewerb.de\/\" target=\"_blank\"><img loading=\"lazy\" class=\"alignnone size-medium wp-image-90\" src=\"https:\/\/lernkreis-weinheim.de\/wp-content\/uploads\/2014\/07\/ppnn-300x244.jpg\" alt=\"ppnn\" width=\"300\" height=\"244\" srcset=\"https:\/\/lernkreis-weinheim.de\/wp-content\/uploads\/2014\/07\/ppnn-300x244.jpg 300w, https:\/\/lernkreis-weinheim.de\/wp-content\/uploads\/2014\/07\/ppnn-1024x834.jpg 1024w, https:\/\/lernkreis-weinheim.de\/wp-content\/uploads\/2014\/07\/ppnn.jpg 1277w\" sizes=\"(max-width: 300px) 100vw, 300px\" \/><\/a><\/p>\n<div>\n<div>Anmeldezeitraum: 01.09.2015 \u2013 25.01.2016 .<\/div>\n<div>Die Vorrunde findet am\u00a0\u00a0 24.02.2016 statt.<\/div>\n<div>Zur Zwischenrunde am\u00a030.04.2016 werden die besten der jeweiligen Bundesl\u00e4nder eingeladen.<br \/>\nAustragungsorte werden Organisationspartner und Schulen vor Ort sein.<\/div>\n<div>Regionalfinale &amp; Preisverleihung- Termine folgen<\/div>\n<div>Weitere Informationen finden Sie\u00a0 <a title=\"Pangea-Mathematikwettbewerb \" href=\"http:\/\/pangea-wettbewerb.de\" target=\"_blank\">HIER<\/a><\/div>\n<div>\n<p>&nbsp;<\/p>\n<p><a href=\"http:\/\/kultur-olympiade.de\" target=\"_blank\"><strong><span style=\"text-decoration: underline; color: #0000ff;\">Deutsch \u2013 T\u00fcrkische Kulturolympiade<\/span><\/strong><\/a><\/p>\n<p><a title=\"Kulturolympiade\" href=\"http:\/\/kulturolympiade.de\" target=\"_blank\"><img loading=\"lazy\" class=\"alignnone size-full wp-image-156\" src=\"https:\/\/lernkreis-weinheim.de\/wp-content\/uploads\/2014\/07\/dtko.jpg\" alt=\"dtko\" width=\"239\" height=\"162\" \/><\/a><\/p>\n<p>Lernkreis Weinheim legt auf die F\u00f6rderung sowohl der deutschen als auch der t\u00fcrkischen Sprachkenntnisse der Sch\u00fcler gro\u00dfen Wert. Deshalb wird jedes Jahr ein\u00a0Deutsch-T\u00fcrkische Kulturolympiade unter den Sch\u00fclern des\u00a0Lernkreis Weinheim\u00b4s veranstaltet, wobei die Sch\u00fcler in den Kategorien Gesang, Gedicht und Showperformance gegeneinander antreten.<\/p>\n<p>Weitere Informationen finden Sie <a title=\"Deutsch \u2013 T\u00fcrkische Kulturolympiade\" href=\"http:\/\/kultur-olympiade.de\" target=\"_blank\">HIER<\/a><\/p>\n<\/div>\n<\/div>\n<p>&nbsp;<\/p>\n","protected":false},"excerpt":{"rendered":"<p>PANGEA-Mathematik-Wettbewerb Anmeldezeitraum: 01.09.2015 \u2013 25.01.2016 . Die Vorrunde findet am\u00a0\u00a0 24.02.2016 statt. Zur Zwischenrunde am\u00a030.04.2016 werden die besten der jeweiligen Bundesl\u00e4nder eingeladen. Austragungsorte werden Organisationspartner und Schulen vor Ort sein. Regionalfinale &amp; Preisverleihung- Termine folgen Weitere Informationen finden Sie\u00a0 HIER<\/p>\n","protected":false},"author":1,"featured_media":90,"parent":0,"menu_order":0,"comment_status":"closed","ping_status":"open","template":"","meta":{"ngg_post_thumbnail":0},"_links":{"self":[{"href":"https:\/\/lernkreis-weinheim.de\/index.php\/wp-json\/wp\/v2\/pages\/46"}],"collection":[{"href":"https:\/\/lernkreis-weinheim.de\/index.php\/wp-json\/wp\/v2\/pages"}],"about":[{"href":"https:\/\/lernkreis-weinheim.de\/index.php\/wp-json\/wp\/v2\/types\/page"}],"author":[{"embeddable":true,"href":"https:\/\/lernkreis-weinheim.de\/index.php\/wp-json\/wp\/v2\/users\/1"}],"replies":[{"embeddable":true,"href":"https:\/\/lernkreis-weinheim.de\/index.php\/wp-json\/wp\/v2\/comments?post=46"}],"version-history":[{"count":21,"href":"https:\/\/lernkreis-weinheim.de\/index.php\/wp-json\/wp\/v2\/pages\/46\/revisions"}],"predecessor-version":[{"id":476,"href":"https:\/\/lernkreis-weinheim.de\/index.php\/wp-json\/wp\/v2\/pages\/46\/revisions\/476"}],"wp:featuredmedia":[{"embeddable":true,"href":"https:\/\/lernkreis-weinheim.de\/index.php\/wp-json\/wp\/v2\/media\/90"}],"wp:attachment":[{"href":"https:\/\/lernkreis-weinheim.de\/index.php\/wp-json\/wp\/v2\/media?parent=46"}],"curies":[{"name":"wp","href":"https:\/\/api.w.org\/{rel}","templated":true}]}}