{"id":44,"date":"2014-07-13T17:18:54","date_gmt":"2014-07-13T15:18:54","guid":{"rendered":"http:\/\/lernkreis-weinheim.de\/?page_id=44"},"modified":"2015-02-16T23:43:10","modified_gmt":"2015-02-16T21:43:10","slug":"ferienkurse","status":"publish","type":"page","link":"https:\/\/lernkreis-weinheim.de\/index.php\/ferienkurse\/","title":{"rendered":"Ferienkurse"},"content":{"rendered":"<p><strong>Lernen in den Ferien = Mehr Erfolg in der Schule<\/strong><\/p>\n<p>Die Ferienzeit ist die beste M\u00f6glichkeit Wissensl\u00fccken zu schlie\u00dfen und erlernten Schulstoff aufzufrischen.<\/p>\n<p>Lernkreis Weinheim bietet bei Bedarf Intensivkurse in den Ferien f\u00fcr alle Klassenstufen an, so dass Sch\u00fcler ihrem Ziel einen Schritt n\u00e4her kommen. Vor allem f\u00fcr Sch\u00fcler der vierten Klasse, die vor einer Empfehlung auf eine weiterf\u00fchrende Schule stehen, werden spezielle Intensivkurse angeboten.<\/p>\n<p>Alle Intensivkurse finden in homogenen Kleingruppen statt;\u00a0 dabei steht die intensive und individuelle\u00a0 Betreuung im Vordergrund. Diese Art der F\u00f6rderung erm\u00f6glicht dem Sch\u00fcler das Erarbeiten gr\u00f6\u00dferer Stoffgebiete in einer kurzen Zeit.<\/p>\n","protected":false},"excerpt":{"rendered":"<p>Lernen in den Ferien = Mehr Erfolg in der Schule Die Ferienzeit ist die beste M\u00f6glichkeit Wissensl\u00fccken zu schlie\u00dfen und erlernten Schulstoff aufzufrischen. Lernkreis Weinheim bietet bei Bedarf Intensivkurse in den Ferien f\u00fcr alle Klassenstufen an, so dass Sch\u00fcler ihrem<\/p>\n","protected":false},"author":1,"featured_media":0,"parent":0,"menu_order":0,"comment_status":"closed","ping_status":"open","template":"","meta":{"ngg_post_thumbnail":0},"_links":{"self":[{"href":"https:\/\/lernkreis-weinheim.de\/index.php\/wp-json\/wp\/v2\/pages\/44"}],"collection":[{"href":"https:\/\/lernkreis-weinheim.de\/index.php\/wp-json\/wp\/v2\/pages"}],"about":[{"href":"https:\/\/lernkreis-weinheim.de\/index.php\/wp-json\/wp\/v2\/types\/page"}],"author":[{"embeddable":true,"href":"https:\/\/lernkreis-weinheim.de\/index.php\/wp-json\/wp\/v2\/users\/1"}],"replies":[{"embeddable":true,"href":"https:\/\/lernkreis-weinheim.de\/index.php\/wp-json\/wp\/v2\/comments?post=44"}],"version-history":[{"count":2,"href":"https:\/\/lernkreis-weinheim.de\/index.php\/wp-json\/wp\/v2\/pages\/44\/revisions"}],"predecessor-version":[{"id":82,"href":"https:\/\/lernkreis-weinheim.de\/index.php\/wp-json\/wp\/v2\/pages\/44\/revisions\/82"}],"wp:attachment":[{"href":"https:\/\/lernkreis-weinheim.de\/index.php\/wp-json\/wp\/v2\/media?parent=44"}],"curies":[{"name":"wp","href":"https:\/\/api.w.org\/{rel}","templated":true}]}}