{"id":41,"date":"2014-07-13T17:10:53","date_gmt":"2014-07-13T15:10:53","guid":{"rendered":"http:\/\/lernkreis-weinheim.de\/?page_id=41"},"modified":"2015-12-09T17:17:18","modified_gmt":"2015-12-09T15:17:18","slug":"tuerkischkurs","status":"publish","type":"page","link":"https:\/\/lernkreis-weinheim.de\/index.php\/tuerkischkurs\/","title":{"rendered":"T\u00fcrkischkurs"},"content":{"rendered":"<ul>\n<li><strong><strong>Alle die T\u00fcrkisch lernen wollen<\/strong><\/strong><\/li>\n<\/ul>\n<ul>\n<li><strong>T\u00fcrken die kein T\u00fcrkisch sprechen k\u00f6nnen<\/strong><\/li>\n<\/ul>\n<ul>\n<li><strong>2 Tage in der Woche (4U.Stunden\/Woche)<\/strong><\/li>\n<\/ul>\n<ul>\n<li><strong>Gesamt 120 U. Stunden<\/strong><\/li>\n<\/ul>\n<ul>\n<li><strong>Zeit: 17:30-19:30 Di, Do,Fr<\/strong><strong><br \/>\n<\/strong><\/li>\n<\/ul>\n<ul>\n<li><strong>Preis:\u00a0 5 \u20ac (std.)<\/strong><\/li>\n<\/ul>\n<ul>\n<li><strong>Einzelunterricht auch m\u00f6glich<\/strong><\/li>\n<\/ul>\n<h2><\/h2>\n<h2><\/h2>\n<h2><\/h2>\n<h1><span style=\"color: #0000ff;\">\u00a0<\/span><\/h1>\n","protected":false},"excerpt":{"rendered":"<p>Alle die T\u00fcrkisch lernen wollen T\u00fcrken die kein T\u00fcrkisch sprechen k\u00f6nnen 2 Tage in der Woche (4U.Stunden\/Woche) Gesamt 120 U. Stunden Zeit: 17:30-19:30 Di, Do,Fr Preis:\u00a0 5 \u20ac (std.) Einzelunterricht auch m\u00f6glich \u00a0<\/p>\n","protected":false},"author":1,"featured_media":0,"parent":0,"menu_order":0,"comment_status":"closed","ping_status":"open","template":"","meta":{"ngg_post_thumbnail":0},"_links":{"self":[{"href":"https:\/\/lernkreis-weinheim.de\/index.php\/wp-json\/wp\/v2\/pages\/41"}],"collection":[{"href":"https:\/\/lernkreis-weinheim.de\/index.php\/wp-json\/wp\/v2\/pages"}],"about":[{"href":"https:\/\/lernkreis-weinheim.de\/index.php\/wp-json\/wp\/v2\/types\/page"}],"author":[{"embeddable":true,"href":"https:\/\/lernkreis-weinheim.de\/index.php\/wp-json\/wp\/v2\/users\/1"}],"replies":[{"embeddable":true,"href":"https:\/\/lernkreis-weinheim.de\/index.php\/wp-json\/wp\/v2\/comments?post=41"}],"version-history":[{"count":3,"href":"https:\/\/lernkreis-weinheim.de\/index.php\/wp-json\/wp\/v2\/pages\/41\/revisions"}],"predecessor-version":[{"id":124,"href":"https:\/\/lernkreis-weinheim.de\/index.php\/wp-json\/wp\/v2\/pages\/41\/revisions\/124"}],"wp:attachment":[{"href":"https:\/\/lernkreis-weinheim.de\/index.php\/wp-json\/wp\/v2\/media?parent=41"}],"curies":[{"name":"wp","href":"https:\/\/api.w.org\/{rel}","templated":true}]}}