{"id":28,"date":"2014-07-12T13:28:48","date_gmt":"2014-07-12T11:28:48","guid":{"rendered":"http:\/\/lernkreis-weinheim.de\/?page_id=28"},"modified":"2014-12-13T12:47:50","modified_gmt":"2014-12-13T10:47:50","slug":"jobangebote","status":"publish","type":"page","link":"https:\/\/lernkreis-weinheim.de\/index.php\/jobangebote\/","title":{"rendered":"Jobangebote"},"content":{"rendered":"<p><a href=\"https:\/\/lernkreis-weinheim.de\/wp-content\/uploads\/2014\/07\/Lehrer.jpg\"><img loading=\"lazy\" class=\"alignleft wp-image-264 \" src=\"https:\/\/lernkreis-weinheim.de\/wp-content\/uploads\/2014\/07\/Lehrer-209x300.jpg\" alt=\"Lehrer\" width=\"199\" height=\"286\" srcset=\"https:\/\/lernkreis-weinheim.de\/wp-content\/uploads\/2014\/07\/Lehrer-209x300.jpg 209w, https:\/\/lernkreis-weinheim.de\/wp-content\/uploads\/2014\/07\/Lehrer-714x1024.jpg 714w, https:\/\/lernkreis-weinheim.de\/wp-content\/uploads\/2014\/07\/Lehrer.jpg 1046w\" sizes=\"(max-width: 199px) 100vw, 199px\" \/><\/a><span style=\"text-decoration: underline;\"><span style=\"color: #0000ff; text-decoration: underline;\"><strong><span style=\"color: #0000ff; text-decoration: underline;\">Stellenangebote<\/span><\/strong>:<\/span><\/span><\/p>\n<p>Wir suchen f\u00fcr den n\u00e4chstm\u00f6glichen Einsatz<\/p>\n<ul>\n<li>Lehrerinnen \/ Lehrer,<\/li>\n<li>Lehramtsstudentinnen \/ Lehramtsstudenten,<\/li>\n<li>Studentinnen \/ Studenten,<\/li>\n<\/ul>\n<p>Zur Nachhilfeerteilung und Hausaufgabenbetreuung f\u00fcr Sch\u00fclerinnen und Sch\u00fcler.<\/p>\n<p>Bei uns sind all diejenigen willkommen, die nur ein paar Stunden oder f\u00fcnf Tage die Woche arbeiten wollen, eine ausreichende Qualifikation und Kommunikationsf\u00e4higkeit mitbringen und viel Spa\u00df am Unterrichten haben. Wenn Sie Interesse haben, rufen Sie uns an oder<span style=\"color: #000000;\"><a title=\"kontakt\" href=\"https:\/\/lernkreis-weinheim.de\/index.php\/kontakt\/\"><span style=\"text-decoration: underline; color: #000000;\"><strong> schreiben Sie uns.<\/strong><\/span><\/a><\/span><\/p>\n","protected":false},"excerpt":{"rendered":"<p>Stellenangebote: Wir suchen f\u00fcr den n\u00e4chstm\u00f6glichen Einsatz Lehrerinnen \/ Lehrer, Lehramtsstudentinnen \/ Lehramtsstudenten, Studentinnen \/ Studenten, Zur Nachhilfeerteilung und Hausaufgabenbetreuung f\u00fcr Sch\u00fclerinnen und Sch\u00fcler. Bei uns sind all diejenigen willkommen, die nur ein paar Stunden oder f\u00fcnf Tage die Woche<\/p>\n","protected":false},"author":1,"featured_media":0,"parent":0,"menu_order":0,"comment_status":"closed","ping_status":"closed","template":"","meta":{"ngg_post_thumbnail":0},"_links":{"self":[{"href":"https:\/\/lernkreis-weinheim.de\/index.php\/wp-json\/wp\/v2\/pages\/28"}],"collection":[{"href":"https:\/\/lernkreis-weinheim.de\/index.php\/wp-json\/wp\/v2\/pages"}],"about":[{"href":"https:\/\/lernkreis-weinheim.de\/index.php\/wp-json\/wp\/v2\/types\/page"}],"author":[{"embeddable":true,"href":"https:\/\/lernkreis-weinheim.de\/index.php\/wp-json\/wp\/v2\/users\/1"}],"replies":[{"embeddable":true,"href":"https:\/\/lernkreis-weinheim.de\/index.php\/wp-json\/wp\/v2\/comments?post=28"}],"version-history":[{"count":6,"href":"https:\/\/lernkreis-weinheim.de\/index.php\/wp-json\/wp\/v2\/pages\/28\/revisions"}],"predecessor-version":[{"id":266,"href":"https:\/\/lernkreis-weinheim.de\/index.php\/wp-json\/wp\/v2\/pages\/28\/revisions\/266"}],"wp:attachment":[{"href":"https:\/\/lernkreis-weinheim.de\/index.php\/wp-json\/wp\/v2\/media?parent=28"}],"curies":[{"name":"wp","href":"https:\/\/api.w.org\/{rel}","templated":true}]}}