{"id":219,"date":"2014-12-12T15:38:21","date_gmt":"2014-12-12T13:38:21","guid":{"rendered":"http:\/\/lernkreis-weinheim.de\/?page_id=219"},"modified":"2015-12-09T17:04:54","modified_gmt":"2015-12-09T15:04:54","slug":"englisch","status":"publish","type":"page","link":"https:\/\/lernkreis-weinheim.de\/index.php\/englisch\/","title":{"rendered":"Englisch"},"content":{"rendered":"<p><a title=\"Englisch\" href=\"https:\/\/lernkreis-weinheim.de\/index.php\/englisch\/\"><img loading=\"lazy\" class=\"alignnone wp-image-61 size-large\" src=\"https:\/\/lernkreis-weinheim.de\/wp-content\/uploads\/2014\/07\/shutterstock_59784454-1024x680.jpg\" alt=\"shutterstock_59784454\" width=\"700\" height=\"464\" \/><\/a><\/p>\n<p><strong>Do you speak English?!<\/strong><\/p>\n<p><span style=\"line-height: 1.3em;\">Englisch bildet die zentrale Fremdsprache unseres Wirtschafts- und Kultursystems. Sie ist die meist gesprochene Sprache der Welt und im heutigen Globalisierungszeitalter von enorm hoher Bedeutung. Kenntnisse in Englisch sind Einstellungsvoraus-setzungen f\u00fcr viele Berufe.<\/span><\/p>\n<p>Doch welcher Sch\u00fcler denkt heute schon daran, was er \u201esp\u00e4ter&#8221; einmal machen m\u00f6chte und sieht die Schule als Vorbereitung auf das Arbeitsleben?<\/p>\n<p>Sobald die Wissensl\u00fccken durch fehlendes Vokabeln lernen oder mangelnde Grammatikkenntnisse gr\u00f6\u00dfer werden, wird das Fach f\u00fcr den Sch\u00fcler meist uninteressant. Umso wichtiger ist es, dass wir sie wieder f\u00fcr die englische Sprache begeistern k\u00f6nnen. Im allt\u00e4glichen Gebrauch verwenden wir viele englische Worte wie z.B. Laptop, Playstation, Chillen, Teamwork, T-Shirt, Backup, Blackout und viele Weitere.<\/p>\n<p>Wir h\u00f6ren und singen englische Musik und m\u00f6chten diese auch verstehen. Fehlermeldungen von PC-Programmen sind meist in englischer Sprache. Englisch ist aus unserem Alltag kaum noch weg zu denken!<\/p>\n<p>Wir nehmen uns die Zeit, Ihrem Kind\u00a0gezielt dort zu helfen, wo es unsere Unterst\u00fctzung ben\u00f6tigt. Denn nur mit Hilfe eines individuellen Lehrplans ist eine effektive Wissensvermittlung gew\u00e4hrleistet.<\/p>\n<p><strong style=\"line-height: 1.3em;\"><span style=\"line-height: 1.3em;\">Grundlegende Lerninhalte sind u.a.<\/span><\/strong><\/p>\n<p><img style=\"line-height: 1.3em;\" src=\"http:\/\/hd-sf.de\/hd\/images\/ok.png\" alt=\"\" \/>\u00a0<span style=\"line-height: 1.3em;\">Wortschatz \/ Vokabeln<\/span><\/p>\n<p><img src=\"http:\/\/hd-sf.de\/hd\/images\/ok.png\" alt=\"\" \/>\u00a0Aufs\u00e4tze<\/p>\n<p><img src=\"http:\/\/hd-sf.de\/hd\/images\/ok.png\" alt=\"\" \/>\u00a0Er\u00f6rterungen<\/p>\n<p><img src=\"http:\/\/hd-sf.de\/hd\/images\/ok.png\" alt=\"\" \/>\u00a0Inhaltsangaben<\/p>\n<p><img src=\"http:\/\/hd-sf.de\/hd\/images\/ok.png\" alt=\"\" \/>\u00a0Zeitformen (Simple Present,<\/p>\n<p>Present Progressive, Simple<\/p>\n<p>Past, Past Progressive, Present<\/p>\n<p>Perfect Simple, Past Perfect Simple,<\/p>\n<p>Past Perfect Progressive, Futur 1 + 2<\/p>\n<p>Simple \/ Progressive, Conditional 1+2<\/p>\n<p>Simple \/ Progressive)<\/p>\n<p><img src=\"http:\/\/hd-sf.de\/hd\/images\/ok.png\" alt=\"\" \/>\u00a0Grammatik<\/p>\n<p><img src=\"http:\/\/hd-sf.de\/hd\/images\/ok.png\" alt=\"\" \/>\u00a0Aussprache<\/p>\n<p><strong>Unsere Leistungen:<\/strong><\/p>\n<ul>\n<li><span style=\"line-height: 1.3em;\">Vermittlung von Lerntechniken und Konzentrations\u00fcbungen<\/span><\/li>\n<li><span style=\"line-height: 1.3em;\">kostenlose Hausaufgabenbetreuung, Klausur- und Pr\u00fcfungsvorbereitung<\/span><\/li>\n<li><span style=\"line-height: 1.3em;\">gezielte F\u00f6rderung der Kinder<\/span><\/li>\n<li><span style=\"line-height: 1.3em;\">Unterricht in kleinen Gruppen mit maximal 7 Sch\u00fclerinnen und Sch\u00fclern<\/span><\/li>\n<li><span style=\"line-height: 1.3em;\">sozialp\u00e4dagogische Betreuung<\/span><\/li>\n<li><span style=\"line-height: 1.3em;\">kostenloser\u00a0 Motivationsunterricht f\u00fcr alle Klassenstufen<\/span><\/li>\n<\/ul>\n","protected":false},"excerpt":{"rendered":"<p>Do you speak English?! Englisch bildet die zentrale Fremdsprache unseres Wirtschafts- und Kultursystems. Sie ist die meist gesprochene Sprache der Welt und im heutigen Globalisierungszeitalter von enorm hoher Bedeutung. Kenntnisse in Englisch sind Einstellungsvoraus-setzungen f\u00fcr viele Berufe. Doch welcher Sch\u00fcler<\/p>\n","protected":false},"author":1,"featured_media":0,"parent":0,"menu_order":0,"comment_status":"closed","ping_status":"closed","template":"","meta":{"ngg_post_thumbnail":0},"_links":{"self":[{"href":"https:\/\/lernkreis-weinheim.de\/index.php\/wp-json\/wp\/v2\/pages\/219"}],"collection":[{"href":"https:\/\/lernkreis-weinheim.de\/index.php\/wp-json\/wp\/v2\/pages"}],"about":[{"href":"https:\/\/lernkreis-weinheim.de\/index.php\/wp-json\/wp\/v2\/types\/page"}],"author":[{"embeddable":true,"href":"https:\/\/lernkreis-weinheim.de\/index.php\/wp-json\/wp\/v2\/users\/1"}],"replies":[{"embeddable":true,"href":"https:\/\/lernkreis-weinheim.de\/index.php\/wp-json\/wp\/v2\/comments?post=219"}],"version-history":[{"count":6,"href":"https:\/\/lernkreis-weinheim.de\/index.php\/wp-json\/wp\/v2\/pages\/219\/revisions"}],"predecessor-version":[{"id":226,"href":"https:\/\/lernkreis-weinheim.de\/index.php\/wp-json\/wp\/v2\/pages\/219\/revisions\/226"}],"wp:attachment":[{"href":"https:\/\/lernkreis-weinheim.de\/index.php\/wp-json\/wp\/v2\/media?parent=219"}],"curies":[{"name":"wp","href":"https:\/\/api.w.org\/{rel}","templated":true}]}}