{"id":210,"date":"2014-12-12T15:21:19","date_gmt":"2014-12-12T13:21:19","guid":{"rendered":"http:\/\/lernkreis-weinheim.de\/?page_id=210"},"modified":"2015-12-09T17:03:59","modified_gmt":"2015-12-09T15:03:59","slug":"deutsch","status":"publish","type":"page","link":"https:\/\/lernkreis-weinheim.de\/index.php\/deutsch\/","title":{"rendered":"Deutsch"},"content":{"rendered":"<p><a title=\"Deutsch\" href=\"https:\/\/lernkreis-weinheim.de\/index.php\/deutsch\/\"><img loading=\"lazy\" class=\"aligncenter wp-image-217 size-full\" src=\"https:\/\/lernkreis-weinheim.de\/wp-content\/uploads\/2014\/12\/Deutsch.jpg\" alt=\"Deutsch\" width=\"800\" height=\"537\" srcset=\"https:\/\/lernkreis-weinheim.de\/wp-content\/uploads\/2014\/12\/Deutsch.jpg 800w, https:\/\/lernkreis-weinheim.de\/wp-content\/uploads\/2014\/12\/Deutsch-300x201.jpg 300w\" sizes=\"(max-width: 800px) 100vw, 800px\" \/><\/a><\/p>\n<p>Kinder sollten lernen, f\u00fcr sich selbst zu lernen und nicht nur, um anstehende Pr\u00fcfungen erfolgreich zu bestehen. Gerade das Fach Deutsch stellt eine wichtige Grundlage der Allgemeinbildung dar. Um auch im sp\u00e4teren Berufsleben einen guten Eindruck zu machen, ist die richtige Ausdrucksweise in Wort und Schrift eine Grundvoraussetzung. Dies beginnt bereits bei der Art und Weise der \u00c4u\u00dferungen und geht bis zur Erstellung von fehlerfreien Bewerbungen.<\/p>\n<p><span style=\"line-height: 1.3em;\">In der Schule wird Ihrem Kind geholfen, die deutsche Rechtschreibung in richtiger grammatikalischer Verbindung anzuwenden. Da nicht jeder Sch\u00fcler das Gleiche Lerntempo hat, ist es f\u00fcr die Lehrkr\u00e4fte nicht immer einfach, bei dem enormen Pensum an Stoff, sich allen Fragen mit der daf\u00fcr notwendigen zeitlichen Intensit\u00e4t zu widmen.<\/span><\/p>\n<p>Wir nehmen uns die Zeit, Ihrem Kind\u00a0gezielt dort zu helfen, wo es unsere Unterst\u00fctzung ben\u00f6tigt. Denn nur mit Hilfe eines individuellen Lehrplans ist eine effektive Wissensvermittlung gew\u00e4hrleistet.<\/p>\n<p><strong style=\"line-height: 1.3em;\"><span style=\"line-height: 1.3em;\">Grundlegende Lerninhalte sind u.a.<\/span><\/strong><\/p>\n<p><span style=\"line-height: 1.3em;\"><img src=\"http:\/\/hd-sf.de\/hd\/images\/ok.png\" alt=\"\" \/>\u00a0Diktat (spezielle F\u00f6rderung der Grundsch\u00fcler)<\/span><\/p>\n<p><img src=\"http:\/\/hd-sf.de\/hd\/images\/ok.png\" alt=\"\" \/>\u00a0Aufs\u00e4tze aller Art<\/p>\n<p><img src=\"http:\/\/hd-sf.de\/hd\/images\/ok.png\" alt=\"\" \/>\u00a0Er\u00f6rterungen<\/p>\n<p><img src=\"http:\/\/hd-sf.de\/hd\/images\/ok.png\" alt=\"\" \/>\u00a0Inhaltsangaben<\/p>\n<p><img src=\"http:\/\/hd-sf.de\/hd\/images\/ok.png\" alt=\"\" \/>\u00a0Zeitformen (Pr\u00e4sens, Perfekt, Pr\u00e4teritum, Plusquamperfekt, Futur 1 + 2)<\/p>\n<p><img src=\"http:\/\/hd-sf.de\/hd\/images\/ok.png\" alt=\"\" \/>\u00a0Grammatik<\/p>\n<p><img src=\"http:\/\/hd-sf.de\/hd\/images\/ok.png\" alt=\"\" \/>\u00a0Rechtschreibung<\/p>\n<p><img src=\"http:\/\/hd-sf.de\/hd\/images\/ok.png\" alt=\"\" \/>\u00a0Sprachf\u00f6rderung<\/p>\n<p><strong>Unsere Leistungen:<\/strong><\/p>\n<ul>\n<li><span style=\"line-height: 1.3em;\">Vermittlung von Lerntechniken und Konzentrations\u00fcbungen<\/span><\/li>\n<li><span style=\"line-height: 1.3em;\">kostenlose Hausaufgabenbetreuung, Klausur- und Pr\u00fcfungsvorbereitung<\/span><\/li>\n<li><span style=\"line-height: 1.3em;\">gezielte F\u00f6rderung der Kinder<\/span><\/li>\n<li><span style=\"line-height: 1.3em;\">Unterricht in kleinen Gruppen mit maximal 7 Sch\u00fclerinnen und Sch\u00fclern<\/span><\/li>\n<li><span style=\"line-height: 1.3em;\">sozialp\u00e4dagogische Betreuung<\/span><\/li>\n<li><span style=\"line-height: 1.3em;\">kostenloser\u00a0 Motivationsunterricht f\u00fcr alle Klassenstufen<\/span><\/li>\n<\/ul>\n","protected":false},"excerpt":{"rendered":"<p>Kinder sollten lernen, f\u00fcr sich selbst zu lernen und nicht nur, um anstehende Pr\u00fcfungen erfolgreich zu bestehen. Gerade das Fach Deutsch stellt eine wichtige Grundlage der Allgemeinbildung dar. Um auch im sp\u00e4teren Berufsleben einen guten Eindruck zu machen, ist die<\/p>\n","protected":false},"author":1,"featured_media":0,"parent":0,"menu_order":0,"comment_status":"closed","ping_status":"closed","template":"","meta":{"ngg_post_thumbnail":0},"_links":{"self":[{"href":"https:\/\/lernkreis-weinheim.de\/index.php\/wp-json\/wp\/v2\/pages\/210"}],"collection":[{"href":"https:\/\/lernkreis-weinheim.de\/index.php\/wp-json\/wp\/v2\/pages"}],"about":[{"href":"https:\/\/lernkreis-weinheim.de\/index.php\/wp-json\/wp\/v2\/types\/page"}],"author":[{"embeddable":true,"href":"https:\/\/lernkreis-weinheim.de\/index.php\/wp-json\/wp\/v2\/users\/1"}],"replies":[{"embeddable":true,"href":"https:\/\/lernkreis-weinheim.de\/index.php\/wp-json\/wp\/v2\/comments?post=210"}],"version-history":[{"count":6,"href":"https:\/\/lernkreis-weinheim.de\/index.php\/wp-json\/wp\/v2\/pages\/210\/revisions"}],"predecessor-version":[{"id":232,"href":"https:\/\/lernkreis-weinheim.de\/index.php\/wp-json\/wp\/v2\/pages\/210\/revisions\/232"}],"wp:attachment":[{"href":"https:\/\/lernkreis-weinheim.de\/index.php\/wp-json\/wp\/v2\/media?parent=210"}],"curies":[{"name":"wp","href":"https:\/\/api.w.org\/{rel}","templated":true}]}}