{"id":197,"date":"2014-12-12T15:00:49","date_gmt":"2014-12-12T13:00:49","guid":{"rendered":"http:\/\/lernkreis-weinheim.de\/?page_id=197"},"modified":"2015-12-09T17:13:04","modified_gmt":"2015-12-09T15:13:04","slug":"mathematik","status":"publish","type":"page","link":"https:\/\/lernkreis-weinheim.de\/index.php\/mathematik\/","title":{"rendered":"Mathematik"},"content":{"rendered":"<p>Alles, was lediglich <a title=\"Mathematik\" href=\"https:\/\/lernkreis-weinheim.de\/index.php\/mathematik\/\"><img loading=\"lazy\" class=\"alignleft wp-image-202 \" src=\"https:\/\/lernkreis-weinheim.de\/wp-content\/uploads\/2014\/12\/mathematik-2-300x277.jpg\" alt=\"mathematik 2\" width=\"316\" height=\"292\" srcset=\"https:\/\/lernkreis-weinheim.de\/wp-content\/uploads\/2014\/12\/mathematik-2-300x277.jpg 300w, https:\/\/lernkreis-weinheim.de\/wp-content\/uploads\/2014\/12\/mathematik-2.jpg 883w\" sizes=\"(max-width: 316px) 100vw, 316px\" \/><\/a>wahrscheinlich ist, ist wahrscheinlich falsch.<\/p>\n<p>Die Lehrkr\u00e4fte in der Schule haben nicht immer die Zeit, auf die Verst\u00e4ndnisprobleme des Einzelnen einzugehen und die mathematischen Grundlagen gezielt zu wiederholen und zu erkl\u00e4ren. Infolgedessen entstehende Wissensl\u00fccken\u00a0 bereiten vielen Sch\u00fclern gro\u00dfe Probleme.\u00a0Die rechtzeitige Beseitigung der Defizite ist ein gro\u00dfer Schritt\u00a0 zum Erfolg. Wir helfen Sch\u00fclern die mathematischen Inhalte zu begreifen und sicher damit umzugehen. Das Rechnen viel Spa\u00df\u00a0 machen kann, wenn Ihr Kind die n\u00f6tige Unterst\u00fctzung erh\u00e4lt, eine klare und \u00fcbersichtliche Struktur entsteht, wird durch uns realisiert.<\/p>\n<p><strong style=\"line-height: 1.3em;\"><span style=\"line-height: 1.3em;\">Grundlegende Lerninhalte sind u.a<\/span><\/strong><\/p>\n<p><img style=\"line-height: 1.3em;\" src=\"http:\/\/hd-sf.de\/hd\/images\/ok.png\" alt=\"\" \/><span style=\"line-height: 1.3em;\">\u00a0Grundrechenarten<\/span><\/p>\n<p><img src=\"http:\/\/hd-sf.de\/hd\/images\/ok.png\" alt=\"\" \/>\u00a0Sachaufgaben<\/p>\n<p><img src=\"http:\/\/hd-sf.de\/hd\/images\/ok.png\" alt=\"\" \/>\u00a0Bruchrechnen<\/p>\n<p><img src=\"http:\/\/hd-sf.de\/hd\/images\/ok.png\" alt=\"\" \/>\u00a0Prozentrechnen<\/p>\n<p><img src=\"http:\/\/hd-sf.de\/hd\/images\/ok.png\" alt=\"\" \/>\u00a0Geometrie<\/p>\n<p><img src=\"http:\/\/hd-sf.de\/hd\/images\/ok.png\" alt=\"\" \/>\u00a0Algebra<\/p>\n<p><img src=\"http:\/\/hd-sf.de\/hd\/images\/ok.png\" alt=\"\" \/>\u00a0Wahrscheinlichkeitsrechnung<\/p>\n<p><img src=\"http:\/\/hd-sf.de\/hd\/images\/ok.png\" alt=\"\" \/>\u00a0Analytische Geometrie<\/p>\n<p><img src=\"http:\/\/hd-sf.de\/hd\/images\/ok.png\" alt=\"\" \/>\u00a0Stochastik<\/p>\n<p><img src=\"http:\/\/hd-sf.de\/hd\/images\/ok.png\" alt=\"\" \/>\u00a0Analysis<\/p>\n<p>Der Lernkreis Weinheim bietet bereits Nachhilfe f\u00fcr Kinder im Grundschulalter an. Doch auch wenn Sie, als Elternteil, nicht mehr bei den Hausaufgaben oder der Vorbereitung auf Klassenarbeiten helfen k\u00f6nnen, stehen wir\u00a0Ihrem Kind helfend zur Seite.<\/p>\n<p><strong>Unsere Leistungen:<\/strong><\/p>\n<ul>\n<li><span style=\"line-height: 1.3em;\">Vermittlung von Lerntechniken und Konzentrations\u00fcbungen<\/span><\/li>\n<li><span style=\"line-height: 1.3em;\">kostenlose Hausaufgabenbetreuung, Klausur- und Pr\u00fcfungsvorbereitung<\/span><\/li>\n<li><span style=\"line-height: 1.3em;\">gezielte F\u00f6rderung der Kinder<\/span><\/li>\n<li><span style=\"line-height: 1.3em;\">Unterricht in kleinen Gruppen mit maximal 7 Sch\u00fclerinnen und Sch\u00fclern<\/span><\/li>\n<li><span style=\"line-height: 1.3em;\">sozialp\u00e4dagogische Betreuung<\/span><\/li>\n<li><span style=\"line-height: 1.3em;\">kostenloser\u00a0 Motivationsunterricht f\u00fcr alle Klassenstufen<\/span><\/li>\n<\/ul>\n","protected":false},"excerpt":{"rendered":"<p>Alles, was lediglich wahrscheinlich ist, ist wahrscheinlich falsch. Die Lehrkr\u00e4fte in der Schule haben nicht immer die Zeit, auf die Verst\u00e4ndnisprobleme des Einzelnen einzugehen und die mathematischen Grundlagen gezielt zu wiederholen und zu erkl\u00e4ren. Infolgedessen entstehende Wissensl\u00fccken\u00a0 bereiten vielen Sch\u00fclern<\/p>\n","protected":false},"author":1,"featured_media":0,"parent":0,"menu_order":0,"comment_status":"closed","ping_status":"closed","template":"","meta":{"ngg_post_thumbnail":0},"_links":{"self":[{"href":"https:\/\/lernkreis-weinheim.de\/index.php\/wp-json\/wp\/v2\/pages\/197"}],"collection":[{"href":"https:\/\/lernkreis-weinheim.de\/index.php\/wp-json\/wp\/v2\/pages"}],"about":[{"href":"https:\/\/lernkreis-weinheim.de\/index.php\/wp-json\/wp\/v2\/types\/page"}],"author":[{"embeddable":true,"href":"https:\/\/lernkreis-weinheim.de\/index.php\/wp-json\/wp\/v2\/users\/1"}],"replies":[{"embeddable":true,"href":"https:\/\/lernkreis-weinheim.de\/index.php\/wp-json\/wp\/v2\/comments?post=197"}],"version-history":[{"count":15,"href":"https:\/\/lernkreis-weinheim.de\/index.php\/wp-json\/wp\/v2\/pages\/197\/revisions"}],"predecessor-version":[{"id":262,"href":"https:\/\/lernkreis-weinheim.de\/index.php\/wp-json\/wp\/v2\/pages\/197\/revisions\/262"}],"wp:attachment":[{"href":"https:\/\/lernkreis-weinheim.de\/index.php\/wp-json\/wp\/v2\/media?parent=197"}],"curies":[{"name":"wp","href":"https:\/\/api.w.org\/{rel}","templated":true}]}}