{"id":187,"date":"2014-12-05T18:18:17","date_gmt":"2014-12-05T16:18:17","guid":{"rendered":"http:\/\/lernkreis-weinheim.de\/?page_id=187"},"modified":"2015-12-09T17:07:11","modified_gmt":"2015-12-09T15:07:11","slug":"kinderbetreuung","status":"publish","type":"page","link":"https:\/\/lernkreis-weinheim.de\/index.php\/kinderbetreuung\/","title":{"rendered":"Kinderbetreuung"},"content":{"rendered":"<p><a title=\"Kinderbetreuung\" href=\"https:\/\/lernkreis-weinheim.de\/index.php\/kinderbetreuung\/\"><img loading=\"lazy\" class=\"alignleft wp-image-190 size-medium\" src=\"https:\/\/lernkreis-weinheim.de\/wp-content\/uploads\/2014\/12\/shutterstock_56191105-300x243.jpg\" alt=\"shutterstock_56191105\" width=\"300\" height=\"243\" srcset=\"https:\/\/lernkreis-weinheim.de\/wp-content\/uploads\/2014\/12\/shutterstock_56191105-300x243.jpg 300w, https:\/\/lernkreis-weinheim.de\/wp-content\/uploads\/2014\/12\/shutterstock_56191105-1024x829.jpg 1024w, https:\/\/lernkreis-weinheim.de\/wp-content\/uploads\/2014\/12\/shutterstock_56191105.jpg 2000w\" sizes=\"(max-width: 300px) 100vw, 300px\" \/><\/a><strong>Kinderbetreuung mit Vorschulkurs<\/strong><br \/>\nUnsere Kinderbetreuung wird in Verbindung mit Vorschulkursen an Wochenenden angeboten.\u00a0Im Vorschulprojekt werden Kinder im Alter zwischen 3 und 6 Jahren spielerisch auf die Schule vorbereitet. Das Erlernen der deutschen Sprache steht hierbei im Vordergrund. Die Kinder lernen unter anderem die Zahlen, Farben und ansatzweise auch die Buchstaben kennen.<\/p>\n<p>Durch Vorlesen und Bilderbuchbetrachtung wird die Sprachentwicklung der Kinder gef\u00f6rdert. Geistige und k\u00f6rperliche Aktivit\u00e4ten tragen zur Entwicklung ihrer Kreativit\u00e4t und Fantasie bei. Regelm\u00e4\u00dfig stattfindende Ausfl\u00fcge machen die Vorschulkurse noch interessanter.<\/p>\n","protected":false},"excerpt":{"rendered":"<p>Kinderbetreuung mit Vorschulkurs Unsere Kinderbetreuung wird in Verbindung mit Vorschulkursen an Wochenenden angeboten.\u00a0Im Vorschulprojekt werden Kinder im Alter zwischen 3 und 6 Jahren spielerisch auf die Schule vorbereitet. Das Erlernen der deutschen Sprache steht hierbei im Vordergrund. Die Kinder lernen<\/p>\n","protected":false},"author":1,"featured_media":0,"parent":0,"menu_order":0,"comment_status":"closed","ping_status":"closed","template":"","meta":{"ngg_post_thumbnail":0},"_links":{"self":[{"href":"https:\/\/lernkreis-weinheim.de\/index.php\/wp-json\/wp\/v2\/pages\/187"}],"collection":[{"href":"https:\/\/lernkreis-weinheim.de\/index.php\/wp-json\/wp\/v2\/pages"}],"about":[{"href":"https:\/\/lernkreis-weinheim.de\/index.php\/wp-json\/wp\/v2\/types\/page"}],"author":[{"embeddable":true,"href":"https:\/\/lernkreis-weinheim.de\/index.php\/wp-json\/wp\/v2\/users\/1"}],"replies":[{"embeddable":true,"href":"https:\/\/lernkreis-weinheim.de\/index.php\/wp-json\/wp\/v2\/comments?post=187"}],"version-history":[{"count":5,"href":"https:\/\/lernkreis-weinheim.de\/index.php\/wp-json\/wp\/v2\/pages\/187\/revisions"}],"predecessor-version":[{"id":194,"href":"https:\/\/lernkreis-weinheim.de\/index.php\/wp-json\/wp\/v2\/pages\/187\/revisions\/194"}],"wp:attachment":[{"href":"https:\/\/lernkreis-weinheim.de\/index.php\/wp-json\/wp\/v2\/media?parent=187"}],"curies":[{"name":"wp","href":"https:\/\/api.w.org\/{rel}","templated":true}]}}