{"id":16,"date":"2014-07-12T13:01:01","date_gmt":"2014-07-12T11:01:01","guid":{"rendered":"http:\/\/lernkreis-weinheim.de\/?page_id=16"},"modified":"2015-12-09T17:16:18","modified_gmt":"2015-12-09T15:16:18","slug":"nachhilfe","status":"publish","type":"page","link":"https:\/\/lernkreis-weinheim.de\/index.php\/nachhilfe\/","title":{"rendered":"Nachhilfe"},"content":{"rendered":"<p>Die Nachhilfekurse wurden in den Unterrichtsf\u00e4chern<strong> Deutsch, Englisch,\u00a0<strong>Mathematik<\/strong>,\u00a0<strong>Franz\u00f6sisch<\/strong> und\u00a0<strong>BWL, VWL (f\u00fcr WG, BK I, II)<\/strong><\/strong> in kleinen Gruppen von 4 bis 7 Sch\u00fclern durchgef\u00fchrt. In Abh\u00e4ngigkeit der Nachfrage (min. 4er Klassen) wurden auch andere F\u00e4cher bzw. falls erw\u00fcnscht auch Einzelunterricht organisiert. Die Kurse besuchten Grund-, Haupt-, Real-, Berufsfachsch\u00fcler und Gymnasiasten. Um die Homogenit\u00e4t zu erhalten kamen \u00fcberwiegend Sch\u00fcler aus den gleichen Klassenstufen und gleichen Schularten zusammen. Die Nachhilfe fand an Werktagen zwischen 14.30 -19.30 Uhr und Samstags zwischen 10.30- 13.45 Uhr statt. Erg\u00e4nzend fand zweimal die Woche von 14.30 \u2013 17.30 eine kostenfreie Hausaufgabenbetreuung statt. Die Sch\u00fcler, die Schwierigkeiten bei den Hausaufgaben hatten, waren hier herzlich Willkommen. Zudem bekamen die Sch\u00fcler kostenlosen Einzelunterricht vor Pr\u00fcfungen, damit die letzten Unklarheiten noch beseitigt werden konnten. F\u00fcr die Sch\u00fcler, die massive Probleme beim Verstehen oder Umsetzten hatten, wurden Crash Kurse in den Ferien angeboten, damit der Unterrichtsstoff nachgeholt werden konnte.<\/p>\n<p><a href=\"https:\/\/lernkreis-weinheim.de\/wp-content\/uploads\/2014\/07\/Nachhilfe.jpg\"><img loading=\"lazy\" class=\"alignnone wp-image-185 size-large\" src=\"https:\/\/lernkreis-weinheim.de\/wp-content\/uploads\/2014\/07\/Nachhilfe-1024x763.jpg\" alt=\"Nachhilfe\" width=\"700\" height=\"521\" srcset=\"https:\/\/lernkreis-weinheim.de\/wp-content\/uploads\/2014\/07\/Nachhilfe-1024x763.jpg 1024w, https:\/\/lernkreis-weinheim.de\/wp-content\/uploads\/2014\/07\/Nachhilfe-300x223.jpg 300w, https:\/\/lernkreis-weinheim.de\/wp-content\/uploads\/2014\/07\/Nachhilfe.jpg 1628w\" sizes=\"(max-width: 700px) 100vw, 700px\" \/><\/a><\/p>\n","protected":false},"excerpt":{"rendered":"<p>Die Nachhilfekurse wurden in den Unterrichtsf\u00e4chern Deutsch, Englisch,\u00a0Mathematik,\u00a0Franz\u00f6sisch und\u00a0BWL, VWL (f\u00fcr WG, BK I, II) in kleinen Gruppen von 4 bis 7 Sch\u00fclern durchgef\u00fchrt. In Abh\u00e4ngigkeit der Nachfrage (min. 4er Klassen) wurden auch andere F\u00e4cher bzw. falls erw\u00fcnscht auch Einzelunterricht<\/p>\n","protected":false},"author":1,"featured_media":0,"parent":0,"menu_order":0,"comment_status":"closed","ping_status":"open","template":"","meta":{"ngg_post_thumbnail":0},"_links":{"self":[{"href":"https:\/\/lernkreis-weinheim.de\/index.php\/wp-json\/wp\/v2\/pages\/16"}],"collection":[{"href":"https:\/\/lernkreis-weinheim.de\/index.php\/wp-json\/wp\/v2\/pages"}],"about":[{"href":"https:\/\/lernkreis-weinheim.de\/index.php\/wp-json\/wp\/v2\/types\/page"}],"author":[{"embeddable":true,"href":"https:\/\/lernkreis-weinheim.de\/index.php\/wp-json\/wp\/v2\/users\/1"}],"replies":[{"embeddable":true,"href":"https:\/\/lernkreis-weinheim.de\/index.php\/wp-json\/wp\/v2\/comments?post=16"}],"version-history":[{"count":6,"href":"https:\/\/lernkreis-weinheim.de\/index.php\/wp-json\/wp\/v2\/pages\/16\/revisions"}],"predecessor-version":[{"id":186,"href":"https:\/\/lernkreis-weinheim.de\/index.php\/wp-json\/wp\/v2\/pages\/16\/revisions\/186"}],"wp:attachment":[{"href":"https:\/\/lernkreis-weinheim.de\/index.php\/wp-json\/wp\/v2\/media?parent=16"}],"curies":[{"name":"wp","href":"https:\/\/api.w.org\/{rel}","templated":true}]}}