{"id":131,"date":"2014-07-20T19:11:45","date_gmt":"2014-07-20T17:11:45","guid":{"rendered":"http:\/\/lernkreis-weinheim.de\/?page_id=131"},"modified":"2015-12-09T17:14:12","modified_gmt":"2015-12-09T15:14:12","slug":"praktikum","status":"publish","type":"page","link":"https:\/\/lernkreis-weinheim.de\/index.php\/praktikum\/","title":{"rendered":"Praktikum"},"content":{"rendered":"<h2><a title=\"Praktikum\" href=\"https:\/\/lernkreis-weinheim.de\/index.php\/praktikum\/\"><img loading=\"lazy\" class=\"alignnone wp-image-267 size-large\" src=\"https:\/\/lernkreis-weinheim.de\/wp-content\/uploads\/2014\/07\/Praktikum-1024x682.jpg\" alt=\"Praktikum\" width=\"700\" height=\"466\" srcset=\"https:\/\/lernkreis-weinheim.de\/wp-content\/uploads\/2014\/07\/Praktikum-1024x682.jpg 1024w, https:\/\/lernkreis-weinheim.de\/wp-content\/uploads\/2014\/07\/Praktikum-300x200.jpg 300w\" sizes=\"(max-width: 700px) 100vw, 700px\" \/><\/a><\/h2>\n<h2><strong>Praktikum f\u00fcr Sch\u00fcler und Studenten<br \/>\n<\/strong><\/h2>\n<p><strong>Wir suchen:<\/strong> Praktikanten (m\/w) aus allen Fachbereichen<\/p>\n<p><strong>Wir bieten:<\/strong> Ein Praktikum in Weinheim mit interessanten Aufgaben aus unterschiedlichen Arbeitsfeldern. Das Ganze in einem angenehmen Arbeitsumfeld \u2013 plus die M\u00f6glichkeit, nach Beendigung des Praktikums oder Ihres Studiums von uns \u00fcbernommen zu werden.<\/p>\n<p><strong>Ihr Profil:<\/strong> Sie befinden sich noch im Studium oder haben dieses bereits abgeschlossen und\/oder haben bereits eine Berufsausbildung beendet.<\/p>\n<p><strong>Qualifikationen:<\/strong> Eigeninitiative, teamf\u00e4hig, vertrauter Internetumgang, kommunikativ, gute bis sehr gute Deutschkenntnisse.<\/p>\n<p><strong>T\u00e4tigkeitsbereiche: <\/strong> B\u00fcroarbeiten und Hausaufgabenbetreuung f\u00fcr Sch\u00fclerinnen und Sch\u00fcler.<\/p>\n<p><strong>Dauer:<\/strong> 4 &#8211; 6 Monate<\/p>\n<p><strong>Arbeitszeit:<\/strong> 20 &#8211; 30 Std.\/ Woche<\/p>\n<p><strong>Beginn:<\/strong> nach Absprache<\/p>\n<p><strong>Bewerbung:<\/strong> Kurzbewerbung (Brief oder<a title=\"Kontakt\" href=\"lernkreis-weinheim.de\/index.php\/kontakt\/\"><span style=\"text-decoration: underline;\"> E-Mail<\/span><\/a>)<\/p>\n<p><strong>Kontakt:<\/strong> Lernkreis Weinheim<br \/>\nAm Hauptbahnhof 1<br \/>\n69469 Weinheim<br \/>\nTelefon : 06201 601708<\/p>\n<div dir=\"ltr\" style=\"font-size: 16.6px; font-family: sans-serif; left: 164.4px; top: 608.51px; transform: rotate(0deg) scale(0.983553, 1); transform-origin: 0% 0% 0px;\" data-angle=\"0\" data-font-name=\"Helvetica\" data-canvas-width=\"71.79933162150384\"><\/div>\n","protected":false},"excerpt":{"rendered":"<p>Praktikum f\u00fcr Sch\u00fcler und Studenten Wir suchen: Praktikanten (m\/w) aus allen Fachbereichen Wir bieten: Ein Praktikum in Weinheim mit interessanten Aufgaben aus unterschiedlichen Arbeitsfeldern. Das Ganze in einem angenehmen Arbeitsumfeld \u2013 plus die M\u00f6glichkeit, nach Beendigung des Praktikums oder Ihres<\/p>\n","protected":false},"author":1,"featured_media":0,"parent":0,"menu_order":0,"comment_status":"closed","ping_status":"closed","template":"","meta":{"ngg_post_thumbnail":0},"_links":{"self":[{"href":"https:\/\/lernkreis-weinheim.de\/index.php\/wp-json\/wp\/v2\/pages\/131"}],"collection":[{"href":"https:\/\/lernkreis-weinheim.de\/index.php\/wp-json\/wp\/v2\/pages"}],"about":[{"href":"https:\/\/lernkreis-weinheim.de\/index.php\/wp-json\/wp\/v2\/types\/page"}],"author":[{"embeddable":true,"href":"https:\/\/lernkreis-weinheim.de\/index.php\/wp-json\/wp\/v2\/users\/1"}],"replies":[{"embeddable":true,"href":"https:\/\/lernkreis-weinheim.de\/index.php\/wp-json\/wp\/v2\/comments?post=131"}],"version-history":[{"count":16,"href":"https:\/\/lernkreis-weinheim.de\/index.php\/wp-json\/wp\/v2\/pages\/131\/revisions"}],"predecessor-version":[{"id":271,"href":"https:\/\/lernkreis-weinheim.de\/index.php\/wp-json\/wp\/v2\/pages\/131\/revisions\/271"}],"wp:attachment":[{"href":"https:\/\/lernkreis-weinheim.de\/index.php\/wp-json\/wp\/v2\/media?parent=131"}],"curies":[{"name":"wp","href":"https:\/\/api.w.org\/{rel}","templated":true}]}}