{"id":102,"date":"2014-07-15T14:37:22","date_gmt":"2014-07-15T12:37:22","guid":{"rendered":"http:\/\/lernkreis-weinheim.de\/?page_id=102"},"modified":"2015-02-16T23:40:03","modified_gmt":"2015-02-16T21:40:03","slug":"deutsch-tuerkische-kulturolympiade","status":"publish","type":"page","link":"https:\/\/lernkreis-weinheim.de\/index.php\/deutsch-tuerkische-kulturolympiade\/","title":{"rendered":"Deutsch \u2013 T\u00fcrkische Kulturolympiade"},"content":{"rendered":"<p><a title=\"Kulturolympiade\" href=\"http:\/\/kulturolympiade.de\" target=\"_blank\"><img loading=\"lazy\" class=\"alignnone size-full wp-image-156\" src=\"https:\/\/lernkreis-weinheim.de\/wp-content\/uploads\/2014\/07\/dtko.jpg\" alt=\"dtko\" width=\"239\" height=\"162\" \/><\/a><\/p>\n<p>Lernkreis Weinheim legt auf die F\u00f6rderung sowohl der deutschen als auch der t\u00fcrkischen Sprachkenntnisse der Sch\u00fcler gro\u00dfen Wert. Deshalb wird jedes Jahr ein\u00a0Deutsch-T\u00fcrkische Kulturolympiade unter den Sch\u00fclern des\u00a0Lernkreis Weinheim\u00b4s veranstaltet, wobei die Sch\u00fcler in den Kategorien Gesang, Gedicht und Showperformance gegeneinander antreten.<\/p>\n<p>Weitere Informationen finden Sie <a title=\"Deutsch \u2013 T\u00fcrkische Kulturolympiade\" href=\"http:\/\/kultur-olympiade.de\" target=\"_blank\">HIER<\/a><\/p>\n","protected":false},"excerpt":{"rendered":"<p>Lernkreis Weinheim legt auf die F\u00f6rderung sowohl der deutschen als auch der t\u00fcrkischen Sprachkenntnisse der Sch\u00fcler gro\u00dfen Wert. Deshalb wird jedes Jahr ein\u00a0Deutsch-T\u00fcrkische Kulturolympiade unter den Sch\u00fclern des\u00a0Lernkreis Weinheim\u00b4s veranstaltet, wobei die Sch\u00fcler in den Kategorien Gesang, Gedicht und Showperformance<\/p>\n","protected":false},"author":1,"featured_media":0,"parent":0,"menu_order":0,"comment_status":"closed","ping_status":"open","template":"","meta":{"ngg_post_thumbnail":0},"_links":{"self":[{"href":"https:\/\/lernkreis-weinheim.de\/index.php\/wp-json\/wp\/v2\/pages\/102"}],"collection":[{"href":"https:\/\/lernkreis-weinheim.de\/index.php\/wp-json\/wp\/v2\/pages"}],"about":[{"href":"https:\/\/lernkreis-weinheim.de\/index.php\/wp-json\/wp\/v2\/types\/page"}],"author":[{"embeddable":true,"href":"https:\/\/lernkreis-weinheim.de\/index.php\/wp-json\/wp\/v2\/users\/1"}],"replies":[{"embeddable":true,"href":"https:\/\/lernkreis-weinheim.de\/index.php\/wp-json\/wp\/v2\/comments?post=102"}],"version-history":[{"count":5,"href":"https:\/\/lernkreis-weinheim.de\/index.php\/wp-json\/wp\/v2\/pages\/102\/revisions"}],"predecessor-version":[{"id":163,"href":"https:\/\/lernkreis-weinheim.de\/index.php\/wp-json\/wp\/v2\/pages\/102\/revisions\/163"}],"wp:attachment":[{"href":"https:\/\/lernkreis-weinheim.de\/index.php\/wp-json\/wp\/v2\/media?parent=102"}],"curies":[{"name":"wp","href":"https:\/\/api.w.org\/{rel}","templated":true}]}}